{"id":2,"date":"2014-11-23T17:27:46","date_gmt":"2014-11-23T16:27:46","guid":{"rendered":"http:\/\/www.galeriapik.pl\/?page_id=2"},"modified":"2024-08-09T15:48:15","modified_gmt":"2024-08-09T13:48:15","slug":"przykladowa-strona","status":"publish","type":"page","link":"http:\/\/www.galeriapik.pl\/?page_id=2","title":{"rendered":"Kontakt"},"content":{"rendered":"\n\n\n<p><iframe loading=\"lazy\" style=\"border: 0;border-radius:20px\" src=\"https:\/\/www.google.com\/maps\/embed?pb=!1m18!1m12!1m3!1d1277.8456802329088!2d18.903492290480106!3d50.16690864079978!2m3!1f0!2f0!3f0!3m2!1i1024!2i768!4f13.1!3m3!1m2!1s0x4716ca2a34654cff%3A0xe23767a6b53bfd2e!2sGaleria%20PIK!5e0!3m2!1spl!2spl!4v1689419109647!5m2!1spl!2spl\" width=\"100%\" height=\"650\" allowfullscreen=\"allowfullscreen\"><\/iframe><br><strong>Galeria PiK<\/strong><\/p>\n\n\n\n<p>ul. Pszczy\u0144ska 14<\/p>\n\n\n\n<p>43-190 Miko\u0142\u00f3w<\/p>\n\n\n\n<p><strong>Biuro Wsp\u00f3lnoty Galeria PiK<\/strong><\/p>\n\n\n\n<p>ul. M\u0142y\u0144ska 5<\/p>\n\n\n\n<p>43-190 Miko\u0142\u00f3w<\/p>\n\n\n\n<p>tel. +48 32 32 32 810<\/p>\n\n\n\n<p>fax. +48 32 32 32 811<\/p>\n\n\n\n<p>email: <a href=\"mailto:kontakt@galeriapik.pl\">kontakt@galeriapik.pl<\/a><\/p>\n","protected":false},"excerpt":{"rendered":"<p>Galeria PiK ul. Pszczy\u0144ska 14 43-190 Miko\u0142\u00f3w Biuro Wsp\u00f3lnoty Galeria PiK ul. M\u0142y\u0144ska 5 43-190 Miko\u0142\u00f3w tel. +48 32 32 32 810 fax. +48 32 32 32 811 email: kontakt@galeriapik.pl<\/p>\n","protected":false},"author":1,"featured_media":0,"parent":0,"menu_order":5,"comment_status":"closed","ping_status":"closed","template":"templates\/template-onecolumn.php","meta":[],"_links":{"self":[{"href":"http:\/\/www.galeriapik.pl\/index.php?rest_route=\/wp\/v2\/pages\/2"}],"collection":[{"href":"http:\/\/www.galeriapik.pl\/index.php?rest_route=\/wp\/v2\/pages"}],"about":[{"href":"http:\/\/www.galeriapik.pl\/index.php?rest_route=\/wp\/v2\/types\/page"}],"author":[{"embeddable":true,"href":"http:\/\/www.galeriapik.pl\/index.php?rest_route=\/wp\/v2\/users\/1"}],"replies":[{"embeddable":true,"href":"http:\/\/www.galeriapik.pl\/index.php?rest_route=%2Fwp%2Fv2%2Fcomments&post=2"}],"version-history":[{"count":15,"href":"http:\/\/www.galeriapik.pl\/index.php?rest_route=\/wp\/v2\/pages\/2\/revisions"}],"predecessor-version":[{"id":37038,"href":"http:\/\/www.galeriapik.pl\/index.php?rest_route=\/wp\/v2\/pages\/2\/revisions\/37038"}],"wp:attachment":[{"href":"http:\/\/www.galeriapik.pl\/index.php?rest_route=%2Fwp%2Fv2%2Fmedia&parent=2"}],"curies":[{"name":"wp","href":"https:\/\/api.w.org\/{rel}","templated":true}]}}